{"id":83,"date":"2015-12-01T23:59:01","date_gmt":"2015-12-01T23:59:01","guid":{"rendered":"http:\/\/drkovacs.be\/hu\/?page_id=83"},"modified":"2022-08-08T10:19:01","modified_gmt":"2022-08-08T09:19:01","slug":"about-us","status":"publish","type":"page","link":"https:\/\/drkovacs.be\/hu\/about-us\/","title":{"rendered":"Bemutatkoz\u00e1s"},"content":{"rendered":"\n\n<section id=\"section-69fb5eb2c6022\" class=\"fw-main-row min-spacing   auto \"  style=\"   position:relative\"  >\n\n    <div ><\/div>\n    <div class=\"fw-container-fluid\">\n        <div class=\"fw-row\">\n\t\n\n<div id=\"column-69fb5eb2c62da\" class=\" fw-col-md-12       wow fadeIn\" data-wow-offset=\"100\" data-wow-duration=\"1.5s\" style=\"  \">\n        <div class=\"fw-main-row\">\n        <div class=\"fw-col-inner\" >\n            \n<header class=\"fw-heading section-header heading-min-spacing subtitle-bottom text-center fw-heading-h2  wow fadeIn\" data-wow-offset=\"120\" data-wow-duration=\"1.5s\" style=\"color:#ee6dcb;\" >\n\t<h2 class='fw-special-title'>Bemutatkoz\u00e1s<span class=\"bottom-subtitle-spacing\"><\/span><\/h2><\/header>        <\/div>\n    <\/div>\n\n\n<\/div><\/div>\n\n<div class=\"fw-row\">\n\t\n\n<div id=\"column-69fb5eb2c6687\" class=\" fw-col-sm-4       wow fadeIn\" data-wow-offset=\"100\" data-wow-duration=\"1.5s\" style=\"  \">\n        <div class=\"fw-main-row\">\n        <div class=\"fw-col-inner\" >\n            <div class=\"fw-single-image \" >\n\t\t    <img decoding=\"async\" src=\"\/\/drkovacs.be\/wp-content\/uploads\/2015\/12\/d5.jpg\" class=\"img-responsive\" alt=\"\"  \/>\n\t<\/div>        <\/div>\n    <\/div>\n\n\n<\/div>\n\n<div id=\"column-69fb5eb2c688e\" class=\" fw-col-md-8       wow fadeIn\" data-wow-offset=\"100\" data-wow-duration=\"1.5s\" style=\"  \">\n        <div class=\"fw-main-row\">\n        <div class=\"fw-col-inner\" >\n            <div style=\"text-align: center;\">Dr. Kov\u00e1cs Tam\u00e1s vagyok, orvosi diplom\u00e1mat 2003-ban szereztem Budapesten, a Semmelweis Egyetemen. Ugyanitt szakvizsg\u00e1ztam sz\u00fcl\u00e9szet-n\u0151gy\u00f3gy\u00e1szatb\u00f3l 2009 ben. 2010-ig Budapesten dolgoztam, majd ezt k\u00f6vet\u0151en Hollandi\u00e1ban \u00e9s Belgiumban szereztem tov\u00e1bbi tapasztalatokat.<\/div><div style=\"text-align: center;\">Szakm\u00e1n bel\u00fcli \u00e9rdekl\u0151d\u00e9si k\u00f6r\u00f6mbe tartozik az ultrahang diagnosztika \u00e9s a minim\u00e1linvaz\u00edv seb\u00e9szet\u00a0(laparoscopia, hysteroscopia).<\/div><div style=\"text-align: center;\">2014-ben ind\u00edtottam mag\u00e1norvosi rendel\u0151met Br\u00fcsszelben, ahol szeretettel v\u00e1rok minden kedves \u00e9rdekl\u0151d\u0151t. Magyar nyelven, magyar ig\u00e9nyekre szabva seg\u00edtek eligazodni a belga eg\u00e9szs\u00e9g\u00fcgyben. Sz\u00e1momra nagyon fontos, hogy olyan otthonos \u00e9s sz\u00ednvonalas szakmai k\u00f6rnyezetet alak\u00edtsak ki, ahov\u00e1 sz\u00edvesen fordulnak a seg\u00edts\u00e9gre szorul\u00f3 h\u00f6lgyek. A konzult\u00e1ci\u00f3s id\u0151pontok 30 percesek, a szolg\u00e1ltat\u00e1sr\u00f3l r\u00e9szletes sz\u00e1ml\u00e1t kap, amit az \u00f6n biztos\u00edt\u00f3ja r\u00e9szben (50-85%) megt\u00e9r\u00edt. Konzult\u00e1ci\u00f3 lehets\u00e9ges angol \u00e9s flamand nyelven is.<\/div>        <\/div>\n    <\/div>\n\n\n<\/div><\/div>\n\n        \n    <\/div>\n<\/section>\n\n","protected":false},"excerpt":{"rendered":"<p>Bemutatkoz\u00e1s Dr. Kov\u00e1cs Tam\u00e1s vagyok, orvosi diplom\u00e1mat 2003-ban szereztem Budapesten, a Semmelweis Egyetemen. Ugyanitt szakvizsg\u00e1ztam sz\u00fcl\u00e9szet-n\u0151gy\u00f3gy\u00e1szatb\u00f3l 2009 ben. 2010-ig Budapesten dolgoztam, majd ezt k\u00f6vet\u0151en Hollandi\u00e1ban \u00e9s Belgiumban szereztem tov\u00e1bbi tapasztalatokat.Szakm\u00e1n bel\u00fcli \u00e9rdekl\u0151d\u00e9si k\u00f6r\u00f6mbe tartozik az ultrahang diagnosztika \u00e9s a minim\u00e1linvaz\u00edv seb\u00e9szet\u00a0(laparoscopia, hysteroscopia).2014-ben ind\u00edtottam mag\u00e1norvosi rendel\u0151met Br\u00fcsszelben, ahol szeretettel v\u00e1rok minden ..<a class=\"more-link\" href=\"https:\/\/drkovacs.be\/hu\/about-us\/\">Continue Reading<\/a><\/p>\n","protected":false},"author":1,"featured_media":0,"parent":0,"menu_order":0,"comment_status":"closed","ping_status":"closed","template":"","meta":{"footnotes":""},"class_list":["post-83","page","type-page","status-publish","hentry"],"jetpack_sharing_enabled":true,"_links":{"self":[{"href":"https:\/\/drkovacs.be\/hu\/wp-json\/wp\/v2\/pages\/83","targetHints":{"allow":["GET"]}}],"collection":[{"href":"https:\/\/drkovacs.be\/hu\/wp-json\/wp\/v2\/pages"}],"about":[{"href":"https:\/\/drkovacs.be\/hu\/wp-json\/wp\/v2\/types\/page"}],"author":[{"embeddable":true,"href":"https:\/\/drkovacs.be\/hu\/wp-json\/wp\/v2\/users\/1"}],"replies":[{"embeddable":true,"href":"https:\/\/drkovacs.be\/hu\/wp-json\/wp\/v2\/comments?post=83"}],"version-history":[{"count":62,"href":"https:\/\/drkovacs.be\/hu\/wp-json\/wp\/v2\/pages\/83\/revisions"}],"predecessor-version":[{"id":696,"href":"https:\/\/drkovacs.be\/hu\/wp-json\/wp\/v2\/pages\/83\/revisions\/696"}],"wp:attachment":[{"href":"https:\/\/drkovacs.be\/hu\/wp-json\/wp\/v2\/media?parent=83"}],"curies":[{"name":"wp","href":"https:\/\/api.w.org\/{rel}","templated":true}]}}