{"id":5,"date":"2015-12-01T23:46:00","date_gmt":"2015-12-01T23:46:00","guid":{"rendered":"http:\/\/drkovacs.be\/booking\/?page_id=5"},"modified":"2025-08-28T02:28:05","modified_gmt":"2025-08-28T00:28:05","slug":"home","status":"publish","type":"page","link":"https:\/\/drkovacs.be\/booking\/","title":{"rendered":"Kezd\u0151lap"},"content":{"rendered":"<section id=\"section-660f08a3301a4\" class=\"fw-main-row section-spacing parallax-section  auto \" style=\"background: url('https:\/\/drkovacs.be\/booking\/wp-content\/uploads\/2015\/12\/hater.jpg') no-repeat center top fixed; background-size: cover; width: 100%; overflow: hidden; position: relative;\">\n<div><\/div>\n<div class=\"fw-container-fluid\">\n<div class=\"fw-row\">\n<div id=\"column-660f08a33068b\" class=\" fw-col-md-3       wow fadeIn\" data-wow-offset=\"100\" data-wow-duration=\"1.5s\">\n<div class=\"fw-main-row\">\n<div class=\"fw-col-inner\"><\/div>\n<\/div>\n<\/div>\n<div id=\"column-660f08a33087f\" class=\" fw-col-sm-6       wow fadeIn\" style=\"background-color: #ead0e3;\" data-wow-offset=\"100\" data-wow-duration=\"1.5s\">\n<div class=\"fw-main-row\">\n<div class=\"fw-col-inner\">\n<h4 style=\"text-align: center;\"><a href=\"https:\/\/goo.gl\/maps\/N11JdHmCFJxp8jdx6\">\u00datvonaltervez\u0151 &#8211; Route planner<\/a><\/h4>\n<p style=\"text-align: center;\">Upon completing this booking, you will receive a confirmation e-mail.<br \/>\n(please check the spam folder or send a message if you have not received any email)<br \/>\nIn urgent case please call for appointment.<\/p>\n<h4 style=\"text-align: center;\">A sikeres id\u0151pontfoglal\u00e1s e-mailben ker\u00fcl meger\u0151s\u00edt\u00e9sre.<br \/>\n(ha nem kap emailt, k\u00e9rem \u00fczenjen!)<br \/>\nS\u00fcrg\u0151s esetben k\u00e9rem\u00a0keressen telefonon.<\/h4>\n<h4 style=\"text-align: center;\">Tel.: +32 2 310 97 97 (9-20h workdays)<\/h4>\n<p style=\"text-align: center;\">Book your visit at Dr. Tam\u00e1s Kov\u00e1cs on<a href=\"https:\/\/www.doctoranytime.be\/en\/d\/gynaecoloog\/kovacs-tamas\"> DoctorAnytime<\/a><\/p>\n<p><!-- Doctoranytime BookAppointment Widget --><link rel=\"stylesheet\" href=\"https:\/\/www.doctoranytime.be\/tw\/dist\/public\/doctor-widget-book-appointment.css?v=iGBtgsPsPTaMxqT_FH_JZk50otVHI9H83B9dayjBYFo\" type=\"text\/css\" media=\"all\">\n<div class=\"doctoranytime-widget\" data-doctoranytime-widget=\"\">\n<div class=\"m-4 flex flex-col md:flex-row justify-between gap-4\"><a target=\"_blank\" class=\"dat-button button-pink dat-button--primary dat-button--solid dat-button--large dat-button--sm-full-w\" href=\"https:\/\/www.doctoranytime.be\/d\/gynecologue\/kovacs-tamas?crm-widget=book-appointment\" rel=\"noopener\"><span class=\"dat-button__spinner\"><span><\/span><\/span><span class=\"dat-button__text\">Maak een afspraak<\/span><\/a><\/p>\n<p class=\"text-1420 text-gray-800 self-center text-center\">Beheerd door <a class=\"underline\" target=\"_blank\" href=\"https:\/\/www.doctoranytime.be\" rel=\"noopener\"><img loading=\"lazy\" decoding=\"async\" src=\"https:\/\/www.doctoranytime.be\/images\/assets\/logos\/iconic.svg\" class=\"inline\" width=\"20\" height=\"20\" alt=\"da\">doctoranytime<\/a><\/p>\n<\/div>\n<\/div>\n<p><!-- Doctoranytime BookAppointment Widget --><br \/>\n<a href=\"https:\/\/www.doctoranytime.be\/en\/d\/gynaecoloog\/kovacs-tamas\">DoctorAnytime <\/a>oldalamon tud id\u0151pontot foglalni.<\/p>\n<p style=\"text-align: center;\">Alternatively, you can book your visit on my Doctena site.<br \/>\nM\u00e1sk\u00fcl\u00f6nben a Doctena foglal\u00e1si rendszer\u00e9ben is k\u00e9rhet id\u0151pontot:<\/p>\n<section data-toggle=\"doc-calendar\" data-practice-eid=\"2d414bfc-599b-4e24-baf4-58de7fa968f2\" data-language=\"en\"> <\/section>\n<p>        <script src=\"https:\/\/api.doctena.be\/js\/widgetBooking\/calendar\/build.php\"><\/script><\/p>\n<div id=\"column-660f08a544205\" class=\" fw-col-md-3       wow fadeIn\" data-wow-offset=\"100\" data-wow-duration=\"1.5s\">\n<div class=\"fw-main-row\">\n<div class=\"fw-col-inner\"><\/div>\n<\/div>\n<\/div>\n<\/div>\n<\/div>\n<\/div>\n<\/div>\n<\/div>\n<\/section>\n<p><!-- f7b7eeb25f76549c34779fe6c67ff627 --><\/p>\n","protected":false},"excerpt":{"rendered":"<p>\u00datvonaltervez\u0151 &#8211; Route planner Upon completing this booking, you will receive a confirmation e-mail. (please check the spam folder or send a message if you have not received any email) In urgent case please call for appointment. A sikeres id\u0151pontfoglal\u00e1s e-mailben ker\u00fcl meger\u0151s\u00edt\u00e9sre. (ha nem kap emailt, k\u00e9rem \u00fczenjen!) S\u00fcrg\u0151s ..<a class=\"more-link\" href=\"https:\/\/drkovacs.be\/booking\/\">Continue Reading<\/a><\/p>\n","protected":false},"author":1,"featured_media":0,"parent":0,"menu_order":0,"comment_status":"closed","ping_status":"closed","template":"","meta":{"footnotes":""},"class_list":["post-5","page","type-page","status-publish","hentry"],"_links":{"self":[{"href":"https:\/\/drkovacs.be\/booking\/wp-json\/wp\/v2\/pages\/5","targetHints":{"allow":["GET"]}}],"collection":[{"href":"https:\/\/drkovacs.be\/booking\/wp-json\/wp\/v2\/pages"}],"about":[{"href":"https:\/\/drkovacs.be\/booking\/wp-json\/wp\/v2\/types\/page"}],"author":[{"embeddable":true,"href":"https:\/\/drkovacs.be\/booking\/wp-json\/wp\/v2\/users\/1"}],"replies":[{"embeddable":true,"href":"https:\/\/drkovacs.be\/booking\/wp-json\/wp\/v2\/comments?post=5"}],"version-history":[{"count":42,"href":"https:\/\/drkovacs.be\/booking\/wp-json\/wp\/v2\/pages\/5\/revisions"}],"predecessor-version":[{"id":10877,"href":"https:\/\/drkovacs.be\/booking\/wp-json\/wp\/v2\/pages\/5\/revisions\/10877"}],"wp:attachment":[{"href":"https:\/\/drkovacs.be\/booking\/wp-json\/wp\/v2\/media?parent=5"}],"curies":[{"name":"wp","href":"https:\/\/api.w.org\/{rel}","templated":true}]}}